{"id":104135,"date":"2022-07-18T17:07:17","date_gmt":"2022-07-18T15:07:17","guid":{"rendered":"https:\/\/www.bornedries.be\/?page_id=104135"},"modified":"2026-03-30T21:40:00","modified_gmt":"2026-03-30T19:40:00","slug":"newsletter","status":"publish","type":"page","link":"https:\/\/www.bornedries.be\/fr\/newsletter\/","title":{"rendered":"Newsletter"},"content":{"rendered":"<p>[et_pb_section fb_built=&#8221;1&#8243; custom_padding_last_edited=&#8221;on|tablet&#8221; admin_label=&#8221;Floating Images Demo 01&#8243; _builder_version=&#8221;4.25.1&#8243; background_color=&#8221;gcid-65b7c64b-ac4d-4dfa-aef3-a628a79160b9&#8243; background_blend=&#8221;overlay&#8221; custom_padding=&#8221;120px||80px|||&#8221; custom_padding_tablet=&#8221;80px||80px||false|false&#8221; custom_padding_phone=&#8221;60px||60px||false|false&#8221; collapsed=&#8221;on&#8221; global_colors_info=&#8221;{%22gcid-65b7c64b-ac4d-4dfa-aef3-a628a79160b9%22:%91%22background_color%22%93}&#8221;][et_pb_row column_structure=&#8221;1_2,1_2&#8243; make_equal=&#8221;on&#8221; custom_padding_last_edited=&#8221;on|phone&#8221; _builder_version=&#8221;4.16&#8243; background_enable_color=&#8221;off&#8221; width=&#8221;90%&#8221; width_tablet=&#8221;90%&#8221; width_phone=&#8221;&#8221; width_last_edited=&#8221;on|phone&#8221; max_width=&#8221;1600px&#8221; custom_margin_tablet=&#8221;&#8221; custom_margin_phone=&#8221;||0px||false|false&#8221; custom_margin_last_edited=&#8221;on|phone&#8221; custom_padding=&#8221;||||false|false&#8221; custom_padding_tablet=&#8221;&#8221; custom_padding_phone=&#8221;||0px||false|false&#8221; global_colors_info=&#8221;{}&#8221;][et_pb_column type=&#8221;1_2&#8243; module_class=&#8221;dp-vertical-align&#8221; _builder_version=&#8221;4.16&#8243; global_colors_info=&#8221;{}&#8221;][dipi_floating_multi_images _builder_version=&#8221;4.25.1&#8243; background_image=&#8221;https:\/\/www.bornedries.be\/wp-content\/uploads\/2024\/05\/dp-dot-pattern-02.png&#8221; global_colors_info=&#8221;{}&#8221;][dipi_floating_multi_images_child item_label=&#8221;White Party&#8221; img_src=&#8221;https:\/\/www.bornedries.be\/wp-content\/uploads\/2024\/02\/White-Party-at-Parenclub-Swingersclub-Bornedries.jpg&#8221; horizontal_position=&#8221;65%&#8221; fmi_speed=&#8221;6674ms&#8221; horizontal_position_tablet=&#8221;&#8221; horizontal_position_phone=&#8221;68%&#8221; horizontal_position_last_edited=&#8221;on|phone&#8221; vertical_position_tablet=&#8221;&#8221; vertical_position_phone=&#8221;-4%&#8221; vertical_position_last_edited=&#8221;on|phone&#8221; _builder_version=&#8221;4.25.1&#8243; max_width=&#8221;100px&#8221; border_radii_item=&#8221;on|200px|200px|200px|200px&#8221; box_shadow_style=&#8221;preset3&#8243; global_colors_info=&#8221;{}&#8221;][\/dipi_floating_multi_images_child][dipi_floating_multi_images_child item_label=&#8221;Entre Ami(e)s&#8221; img_src=&#8221;https:\/\/www.bornedries.be\/wp-content\/uploads\/2024\/02\/Entre-Amies-Sundayz-at-Parenclub-Swingersclub-Bornedries.jpg&#8221; horizontal_position=&#8221;39%&#8221; vertical_position=&#8221;19%&#8221; fmi_delay=&#8221;-5925ms&#8221; fmi_speed=&#8221;6187ms&#8221; horizontal_position_tablet=&#8221;&#8221; horizontal_position_phone=&#8221;35%&#8221; horizontal_position_last_edited=&#8221;on|phone&#8221; vertical_position_tablet=&#8221;&#8221; vertical_position_phone=&#8221;19%&#8221; vertical_position_last_edited=&#8221;on|phone&#8221; _builder_version=&#8221;4.25.1&#8243; max_width=&#8221;120px&#8221; border_radii_item=&#8221;on|200px|200px|200px|200px&#8221; box_shadow_style=&#8221;preset3&#8243; box_shadow_blur=&#8221;34px&#8221; box_shadow_color=&#8221;rgba(0,0,0,0.44)&#8221; global_colors_info=&#8221;{}&#8221;][\/dipi_floating_multi_images_child][dipi_floating_multi_images_child item_label=&#8221;Disco&#8221; img_src=&#8221;https:\/\/www.bornedries.be\/wp-content\/uploads\/2024\/02\/Hero-My-B-Day.png&#8221; horizontal_position=&#8221;61%&#8221; vertical_position=&#8221;43%&#8221; fmi_delay=&#8221;-4166ms&#8221; fmi_speed=&#8221;7266ms&#8221; horizontal_position_tablet=&#8221;&#8221; horizontal_position_phone=&#8221;63%&#8221; horizontal_position_last_edited=&#8221;on|phone&#8221; vertical_position_tablet=&#8221;&#8221; vertical_position_phone=&#8221;46%&#8221; vertical_position_last_edited=&#8221;on|phone&#8221; _builder_version=&#8221;4.25.1&#8243; max_width=&#8221;100px&#8221; border_radii_item=&#8221;on|200px|200px|200px|200px&#8221; box_shadow_style=&#8221;preset3&#8243; global_colors_info=&#8221;{}&#8221;][\/dipi_floating_multi_images_child][dipi_floating_multi_images_child item_label=&#8221;Hoerenfuif&#8221; img_src=&#8221;https:\/\/www.bornedries.be\/wp-content\/uploads\/2024\/02\/Hoerenfuif-Party-at-Parenclub-Swingersclub-Bornedries.jpg&#8221; horizontal_position=&#8221;43%&#8221; vertical_position=&#8221;70%&#8221; fmi_delay=&#8221;-79ms&#8221; fmi_speed=&#8221;6963ms&#8221; _builder_version=&#8221;4.25.1&#8243; max_width=&#8221;100px&#8221; border_radii_item=&#8221;on|200px|200px|200px|200px&#8221; box_shadow_style=&#8221;preset3&#8243; global_colors_info=&#8221;{}&#8221;][\/dipi_floating_multi_images_child][dipi_floating_multi_images_child item_label=&#8221;Steamy Fridays&#8221; img_src=&#8221;https:\/\/www.bornedries.be\/wp-content\/uploads\/2024\/02\/Steamy-Fridays-at-Parenclub-Swingersclub-Bornedries.jpg&#8221; horizontal_position=&#8221;18%&#8221; vertical_position=&#8221;44%&#8221; fmi_delay=&#8221;-3230ms&#8221; fmi_speed=&#8221;2400ms&#8221; horizontal_position_tablet=&#8221;&#8221; horizontal_position_phone=&#8221;10%&#8221; horizontal_position_last_edited=&#8221;on|phone&#8221; vertical_position_tablet=&#8221;&#8221; vertical_position_phone=&#8221;50%&#8221; vertical_position_last_edited=&#8221;on|phone&#8221; _builder_version=&#8221;4.25.1&#8243; max_width=&#8221;100px&#8221; border_radii_item=&#8221;on|200px|200px|200px|200px&#8221; box_shadow_style=&#8221;preset3&#8243; box_shadow_horizontal=&#8221;-12px&#8221; box_shadow_vertical=&#8221;23px&#8221; box_shadow_blur=&#8221;41px&#8221; box_shadow_color=&#8221;rgba(21,2,42,0.2)&#8221; global_colors_info=&#8221;{}&#8221;][\/dipi_floating_multi_images_child][dipi_floating_multi_images_child item_label=&#8221;Stout Donderdag&#8221; img_src=&#8221;https:\/\/www.bornedries.be\/wp-content\/uploads\/2023\/12\/Naughty-Thursdays.jpg&#8221; horizontal_position=&#8221;21%&#8221; vertical_position=&#8221;6%&#8221; fmi_speed=&#8221;6309ms&#8221; horizontal_position_tablet=&#8221;&#8221; horizontal_position_phone=&#8221;19%&#8221; horizontal_position_last_edited=&#8221;on|phone&#8221; vertical_position_tablet=&#8221;&#8221; vertical_position_phone=&#8221;3%&#8221; vertical_position_last_edited=&#8221;on|phone&#8221; _builder_version=&#8221;4.25.1&#8243; max_width=&#8221;70px&#8221; filter_opacity=&#8221;65%&#8221; border_radii_item=&#8221;on|200px|200px|200px|200px&#8221; box_shadow_style=&#8221;preset3&#8243; global_colors_info=&#8221;{}&#8221;][\/dipi_floating_multi_images_child][dipi_floating_multi_images_child item_label=&#8221;Gang Bang&#8221; img_src=&#8221;https:\/\/www.bornedries.be\/wp-content\/uploads\/2024\/02\/Gang-Bang-at-Parenclub-Swingersclub-Bornedries.jpg&#8221; horizontal_position=&#8221;39%&#8221; vertical_position=&#8221;-9%&#8221; _builder_version=&#8221;4.25.1&#8243; max_width=&#8221;50px&#8221; filter_opacity=&#8221;35%&#8221; filter_blur=&#8221;1px&#8221; border_radii_item=&#8221;on|200px|200px|200px|200px&#8221; box_shadow_style=&#8221;preset3&#8243; global_colors_info=&#8221;{}&#8221;][\/dipi_floating_multi_images_child][dipi_floating_multi_images_child item_label=&#8221;Hot Saturday&#8221; img_src=&#8221;https:\/\/www.bornedries.be\/wp-content\/uploads\/2023\/12\/Hot-Saturdays.jpg&#8221; horizontal_position=&#8221;6%&#8221; vertical_position=&#8221;22%&#8221; fmi_delay=&#8221;-6845ms&#8221; fmi_speed=&#8221;7331ms&#8221; horizontal_position_tablet=&#8221;&#8221; horizontal_position_phone=&#8221;1%&#8221; horizontal_position_last_edited=&#8221;on|phone&#8221; _builder_version=&#8221;4.25.1&#8243; max_width=&#8221;50px&#8221; filter_opacity=&#8221;25%&#8221; filter_blur=&#8221;1px&#8221; border_radii_item=&#8221;on|200px|200px|200px|200px&#8221; box_shadow_style=&#8221;preset3&#8243; global_colors_info=&#8221;{}&#8221;][\/dipi_floating_multi_images_child][dipi_floating_multi_images_child item_label=&#8221;Fabiola&#8221; img_src=&#8221;https:\/\/www.bornedries.be\/wp-content\/uploads\/2024\/04\/Sextreme-Party-at-Parenclub-Bornedries-20.jpg&#8221; horizontal_position=&#8221;77%&#8221; vertical_position=&#8221;72%&#8221; fmi_speed=&#8221;7621ms&#8221; _builder_version=&#8221;4.25.1&#8243; max_width=&#8221;60px&#8221; filter_opacity=&#8221;38%&#8221; filter_blur=&#8221;1px&#8221; border_radii_item=&#8221;on|200px|200px|200px|200px&#8221; box_shadow_style=&#8221;preset3&#8243; global_colors_info=&#8221;{}&#8221;][\/dipi_floating_multi_images_child][dipi_floating_multi_images_child item_label=&#8221;Middle Face 4&#8243; img_src=&#8221;https:\/\/www.bornedries.be\/wp-content\/uploads\/2024\/02\/Retro-Swingers-Party-at-Parenclub-Swingersclub-Bornedries.jpg&#8221; horizontal_position=&#8221;83%&#8221; vertical_position=&#8221;34%&#8221; fmi_delay=&#8221;-8259ms&#8221; fmi_speed=&#8221;8000ms&#8221; horizontal_position_tablet=&#8221;&#8221; horizontal_position_phone=&#8221;87%&#8221; horizontal_position_last_edited=&#8221;on|phone&#8221; vertical_position_tablet=&#8221;&#8221; vertical_position_phone=&#8221;31%&#8221; vertical_position_last_edited=&#8221;on|phone&#8221; _builder_version=&#8221;4.25.1&#8243; max_width=&#8221;63px&#8221; filter_opacity=&#8221;42%&#8221; filter_blur=&#8221;2px&#8221; border_radii_item=&#8221;on|200px|200px|200px|200px&#8221; global_colors_info=&#8221;{}&#8221;][\/dipi_floating_multi_images_child][\/dipi_floating_multi_images][\/et_pb_column][et_pb_column type=&#8221;1_2&#8243; module_class=&#8221;dp-vertical-align&#8221; _builder_version=&#8221;4.16&#8243; global_colors_info=&#8221;{}&#8221;][et_pb_cta title=&#8221;Blijf mee met wat er speelt in BD&#8221; _builder_version=&#8221;4.27.6&#8243; header_font=&#8221;|||on|||||&#8221; header_text_color=&#8221;#e21c20&#8243; header_font_size=&#8221;19px&#8221; header_letter_spacing=&#8221;2px&#8221; body_font=&#8221;|600|||||||&#8221; body_text_color=&#8221;#15022a&#8221; body_font_size=&#8221;27px&#8221; body_line_height=&#8221;1.2em&#8221; background_enable_color=&#8221;off&#8221; text_orientation=&#8221;left&#8221; background_layout=&#8221;light&#8221; custom_margin=&#8221;||-1px||false|false&#8221; custom_margin_tablet=&#8221;||||false|false&#8221; custom_margin_phone=&#8221;&#8221; custom_margin_last_edited=&#8221;on|tablet&#8221; custom_padding=&#8221;96px||0px||false|false&#8221; hover_enabled=&#8221;0&#8243; global_colors_info=&#8221;{}&#8221; sticky_enabled=&#8221;0&#8243;]<\/p>\n<p>Gewoon via mail<\/p>\n<p>[\/et_pb_cta][et_pb_text _builder_version=&#8221;4.27.6&#8243; text_font=&#8221;|300|||||||&#8221; text_text_color=&#8221;RGBA(21,2,42,0.5)&#8221; text_line_height=&#8221;1.6em&#8221; max_width=&#8221;592px&#8221; module_alignment=&#8221;left&#8221; custom_margin=&#8221;||30px||false|false&#8221; custom_margin_tablet=&#8221;||||false|false&#8221; custom_margin_phone=&#8221;&#8221; custom_margin_last_edited=&#8221;on|desktop&#8221; custom_padding=&#8221;|40px||40px|false|false&#8221; hover_enabled=&#8221;0&#8243; text_font_size_tablet=&#8221;18px&#8221; text_font_size_phone=&#8221;15px&#8221; text_font_size_last_edited=&#8221;on|phone&#8221; custom_css_main_element=&#8221;text-align: left !important;&#8221; text_text_align=&#8221;center&#8221; global_colors_info=&#8221;{}&#8221; sticky_enabled=&#8221;0&#8243;]<\/p>\n<p>Soms net dat beetje eerder<\/p>\n<p>[\/et_pb_text][et_pb_icon font_icon=&#8221;&#x22;||divi||400&#8243; icon_color=&#8221;#e21c20&#8243; align=&#8221;left&#8221; _builder_version=&#8221;4.27.6&#8243; _module_preset=&#8221;default&#8221; animation_style=&#8221;slide&#8221; animation_direction=&#8221;top&#8221; animation_speed_curve=&#8221;ease&#8221; animation_repeat=&#8221;loop&#8221; global_colors_info=&#8221;{}&#8221;][\/et_pb_icon][\/et_pb_column][\/et_pb_row][\/et_pb_section][et_pb_section fb_built=&#8221;1&#8243; custom_padding_last_edited=&#8221;on|phone&#8221; admin_label=&#8221;Coffee Menu&#8221; _builder_version=&#8221;4.17.3&#8243; background_color=&#8221;gcid-48c01e89-12fc-47b9-9460-a4a99c58f078&#8243; use_background_color_gradient=&#8221;on&#8221; background_color_gradient_direction=&#8221;129deg&#8221; background_color_gradient_stops=&#8221;rgba(0,0,0,0) 39%|rgba(0,0,0,0) 100%&#8221; background_color_gradient_start=&#8221;rgba(0,0,0,0)&#8221; background_color_gradient_start_position=&#8221;39%&#8221; background_color_gradient_end=&#8221;rgba(0,0,0,0)&#8221; parallax=&#8221;on&#8221; max_width=&#8221;100%&#8221; min_height=&#8221;452px&#8221; custom_margin=&#8221;||0px||false|false&#8221; custom_padding=&#8221;0px||30px||false|false&#8221; custom_padding_tablet=&#8221;0px||30px||false|false&#8221; custom_padding_phone=&#8221;0px|15px|30px|15px|false|false&#8221; global_colors_info=&#8221;{%22gcid-48c01e89-12fc-47b9-9460-a4a99c58f078%22:%91%22background_color%22%93}&#8221;][et_pb_row module_class=&#8221;BORNNL&#8221; _builder_version=&#8221;4.17.3&#8243; _module_preset=&#8221;default&#8221; width=&#8221;auto&#8221; global_colors_info=&#8221;{}&#8221;][et_pb_column type=&#8221;4_4&#8243; _builder_version=&#8221;4.17.3&#8243; _module_preset=&#8221;default&#8221; custom_padding_tablet=&#8221;&#8221; custom_padding_phone=&#8221;0px||0px||true|true&#8221; custom_padding_last_edited=&#8221;on|phone&#8221; global_colors_info=&#8221;{}&#8221;][et_pb_text _builder_version=&#8221;4.17.6&#8243; _module_preset=&#8221;default&#8221; max_width=&#8221;80%&#8221; global_colors_info=&#8221;{}&#8221;]<\/p>\n<div class=\"dashboard_icons_container\">\n<div class=\"et_bloom_shortcode_message\">\n<div class=\"et_disabled_textarea\"><div class=\"et_bloom_inline_form et_bloom_optin et_bloom_make_form_visible et_bloom_optin_7\" style=\"display: none;\">\n\t\t\t\t<style type=\"text\/css\">.et_bloom .et_bloom_optin_7 .et_bloom_form_content { background-color: #2c2e34 !important; } .et_bloom .et_bloom_optin_7 .et_bloom_form_container .et_bloom_form_header { background-color: #2c2e34 !important; } .et_bloom .et_bloom_optin_7 .et_bloom_form_content button { background-color: #c5221f !important; } .et_bloom .et_bloom_optin_7 .et_bloom_form_content .et_bloom_fields i { color: #c5221f !important; } .et_bloom .et_bloom_optin_7 .et_bloom_form_content .et_bloom_custom_field_radio i:before { background: #c5221f !important; } .et_bloom .et_bloom_optin_7 .et_bloom_form_content button { background-color: #c5221f !important; } .et_bloom .et_bloom_optin_7 .et_bloom_form_container h2, .et_bloom .et_bloom_optin_7 .et_bloom_form_container h2 span, .et_bloom .et_bloom_optin_7 .et_bloom_form_container h2 strong { font-family: \"Georgia\", Helvetica, Arial, Lucida, sans-serif; }.et_bloom .et_bloom_optin_7 .et_bloom_form_container p, .et_bloom .et_bloom_optin_7 .et_bloom_form_container p span, .et_bloom .et_bloom_optin_7 .et_bloom_form_container p strong, .et_bloom .et_bloom_optin_7 .et_bloom_form_container form input, .et_bloom .et_bloom_optin_7 .et_bloom_form_container form button span { font-family: \"Georgia\", Helvetica, Arial, Lucida, sans-serif; } <\/style>\n\t\t\t\t<div class=\"et_bloom_form_container  et_bloom_form_text_dark et_bloom_form_bottom et_bloom_inline_2_fields\">\n\t\t\t\t\t\n\t\t\t<div class=\"et_bloom_form_container_wrapper clearfix\">\n\t\t\t\t<div class=\"et_bloom_header_outer\">\n\t\t\t\t\t<div class=\"et_bloom_form_header et_bloom_header_text_light\">\n\t\t\t\t\t\t\n\t\t\t\t\t\t<div class=\"et_bloom_form_text\">\n\t\t\t\t\t\t<h1 class=\"et_pb_module_header\" style=\"text-align: center; font-size: 30px; color: white!important; font-family: 'Montserrat',Helvetica,Arial,Lucida,sans-serif;\">BD in jouw mailbox?<\/h1><h2 style=\"text-align: center;\"><span style=\"color: #ffffff; font-family: 'Montserrat',Helvetica,Arial,Lucida,sans-serif;\">Ontvang al onze emails bomvol inspiratie en informatie over de club.<\/span><\/h2>\n\t\t\t\t\t<\/div>\n\t\t\t\t\t\t\n\t\t\t\t\t<\/div>\n\t\t\t\t<\/div>\n\t\t\t\t<div class=\"et_bloom_form_content et_bloom_2_fields et_bloom_bottom_stacked\">\n\t\t\t\t\t\n\t\t\t\t\t\n\t\t\t\t\t<form method=\"post\" class=\"clearfix\">\n\t\t\t\t\t\t<div class=\"et_bloom_fields\">\n\t\t\t\t\t\t\t<p class=\"et_bloom_popup_input et_bloom_subscribe_name\">\n\t\t\t\t\t\t\t\t<input placeholder=\"Voornaam\" maxlength=\"50\">\n\t\t\t\t\t\t\t<\/p>\n\t\t\t\t\t\t\t<p class=\"et_bloom_popup_input et_bloom_subscribe_email\">\n\t\t\t\t\t\t\t\t<input placeholder=\"Email\">\n\t\t\t\t\t\t\t<\/p>\n\t\t\t\t\t\t\t\n\t\t\t\t\t\t\t<button data-optin_id=\"optin_7\" data-service=\"campaign_monitor\" data-list_id=\"367f8726cab826a393831753d038499a\" data-page_id=\"104135\" data-account=\"Bornedries\" data-ip_address=\"true\" class=\"et_bloom_submit_subscription\">\n\t\t\t\t\t\t\t\t<span class=\"et_bloom_subscribe_loader\"><\/span>\n\t\t\t\t\t\t\t\t<span class=\"et_bloom_button_text et_bloom_button_text_color_light\">SCHRIJF ME IN!<\/span>\n\t\t\t\t\t\t\t<\/button>\n\t\t\t\t\t\t<\/div>\n\t\t\t\t\t<\/form>\n\t\t\t\t\t<div class=\"et_bloom_success_container\">\n\t\t\t\t\t\t<span class=\"et_bloom_success_checkmark\"><\/span>\n\t\t\t\t\t<\/div>\n\t\t\t\t\t<h2 class=\"et_bloom_success_message\">Top. Vanaf nu hoor je er \u00e9cht bij!<\/h2>\n\t\t\t\t\t<div class=\"et_bloom_form_footer\"><p style=\"text-align: center;\"><span style=\"color: #ffffff;\">Toch geen interesse? Geen zorgen! Je kan je heel gemakkelijk uitschrijven via de link onderaan de nieuwsbrief. <\/span><a title=\"Privacy disclaimer\" href=\"..\/privacy-disclaimer\/\" target=\"_blank\"> privacy statement<\/a><\/p><\/div>\n\t\t\t\t<\/div>\n\t\t\t<\/div>\n\t\t\t<span class=\"et_bloom_close_button\"><\/span>\n\t\t\t\t<\/div>\n\t\t\t<\/div><\/div>\n<\/div>\n<\/div>\n<div class=\"et_dashboard_modal_footer\">\u00a0<\/div>\n<p>[\/et_pb_text][\/et_pb_column][\/et_pb_row][et_pb_row module_class=&#8221;BORNFR&#8221; _builder_version=&#8221;4.17.3&#8243; _module_preset=&#8221;default&#8221; width=&#8221;auto&#8221; global_colors_info=&#8221;{}&#8221;][et_pb_column type=&#8221;4_4&#8243; _builder_version=&#8221;4.17.3&#8243; _module_preset=&#8221;default&#8221; custom_padding_tablet=&#8221;&#8221; custom_padding_phone=&#8221;0px||0px||true|true&#8221; custom_padding_last_edited=&#8221;on|phone&#8221; global_colors_info=&#8221;{}&#8221;][et_pb_text _builder_version=&#8221;4.17.6&#8243; _module_preset=&#8221;default&#8221; max_width=&#8221;80%&#8221; global_colors_info=&#8221;{}&#8221;]<\/p>\n<div class=\"dashboard_icons_container\">\n<div class=\"et_bloom_shortcode_message\">\n<div class=\"et_disabled_textarea\">\n<div class=\"dashboard_icons_container\">\n<div class=\"et_bloom_shortcode_message\">\n<div class=\"et_disabled_textarea\"><div class=\"et_bloom_inline_form et_bloom_optin et_bloom_make_form_visible et_bloom_optin_8\" style=\"display: none;\">\n\t\t\t\t<style type=\"text\/css\">.et_bloom .et_bloom_optin_8 .et_bloom_form_content { background-color: #2c2e34 !important; } .et_bloom .et_bloom_optin_8 .et_bloom_form_container .et_bloom_form_header { background-color: #2c2e34 !important; } .et_bloom .et_bloom_optin_8 .et_bloom_form_content button { background-color: #c5221f !important; } .et_bloom .et_bloom_optin_8 .et_bloom_form_content .et_bloom_fields i { color: #c5221f !important; } .et_bloom .et_bloom_optin_8 .et_bloom_form_content .et_bloom_custom_field_radio i:before { background: #c5221f !important; } .et_bloom .et_bloom_optin_8 .et_bloom_form_content button { background-color: #c5221f !important; } .et_bloom .et_bloom_optin_8 .et_bloom_form_container h2, .et_bloom .et_bloom_optin_8 .et_bloom_form_container h2 span, .et_bloom .et_bloom_optin_8 .et_bloom_form_container h2 strong { font-family: \"Georgia\", Helvetica, Arial, Lucida, sans-serif; }.et_bloom .et_bloom_optin_8 .et_bloom_form_container p, .et_bloom .et_bloom_optin_8 .et_bloom_form_container p span, .et_bloom .et_bloom_optin_8 .et_bloom_form_container p strong, .et_bloom .et_bloom_optin_8 .et_bloom_form_container form input, .et_bloom .et_bloom_optin_8 .et_bloom_form_container form button span { font-family: \"Georgia\", Helvetica, Arial, Lucida, sans-serif; } <\/style>\n\t\t\t\t<div class=\"et_bloom_form_container  et_bloom_form_text_dark et_bloom_form_bottom et_bloom_inline_2_fields\">\n\t\t\t\t\t\n\t\t\t<div class=\"et_bloom_form_container_wrapper clearfix\">\n\t\t\t\t<div class=\"et_bloom_header_outer\">\n\t\t\t\t\t<div class=\"et_bloom_form_header et_bloom_header_text_light\">\n\t\t\t\t\t\t\n\t\t\t\t\t\t<div class=\"et_bloom_form_text\">\n\t\t\t\t\t\t<h1 style=\"text-align: center; color: white!important; font-size: 30px; font-family: 'Montserrat',Helvetica,Arial,Lucida,sans-serif;\">Restez en contact avec Bornedries<\/h1><h2 style=\"text-align: center; font-family: 'Montserrat',Helvetica,Arial,Lucida,sans-serif;\">Soyez parmi les premiers \u00e0 \u00eatre inform\u00e9 de nos nouvelles et de nos \u00e9v\u00e9nements.<\/h2>\n\t\t\t\t\t<\/div>\n\t\t\t\t\t\t\n\t\t\t\t\t<\/div>\n\t\t\t\t<\/div>\n\t\t\t\t<div class=\"et_bloom_form_content et_bloom_2_fields et_bloom_bottom_stacked\">\n\t\t\t\t\t\n\t\t\t\t\t\n\t\t\t\t\t<form method=\"post\" class=\"clearfix\">\n\t\t\t\t\t\t<div class=\"et_bloom_fields\">\n\t\t\t\t\t\t\t<p class=\"et_bloom_popup_input et_bloom_subscribe_name\">\n\t\t\t\t\t\t\t\t<input placeholder=\"Pr\u00e9nom\" maxlength=\"50\">\n\t\t\t\t\t\t\t<\/p>\n\t\t\t\t\t\t\t<p class=\"et_bloom_popup_input et_bloom_subscribe_email\">\n\t\t\t\t\t\t\t\t<input placeholder=\"Email\">\n\t\t\t\t\t\t\t<\/p>\n\t\t\t\t\t\t\t\n\t\t\t\t\t\t\t<button data-optin_id=\"optin_8\" data-service=\"campaign_monitor\" data-list_id=\"b4f2a7b447146a8c5f31c5f3d294c496\" data-page_id=\"104135\" data-account=\"Bornedries\" data-ip_address=\"true\" class=\"et_bloom_submit_subscription\">\n\t\t\t\t\t\t\t\t<span class=\"et_bloom_subscribe_loader\"><\/span>\n\t\t\t\t\t\t\t\t<span class=\"et_bloom_button_text et_bloom_button_text_color_light\">S&#039;INSCRIRE!<\/span>\n\t\t\t\t\t\t\t<\/button>\n\t\t\t\t\t\t<\/div>\n\t\t\t\t\t<\/form>\n\t\t\t\t\t<div class=\"et_bloom_success_container\">\n\t\t\t\t\t\t<span class=\"et_bloom_success_checkmark\"><\/span>\n\t\t\t\t\t<\/div>\n\t\t\t\t\t<h2 class=\"et_bloom_success_message\">Super.\r\nMaintenant vous faites parti de la grande famille du BD!<\/h2>\n\t\t\t\t\t<div class=\"et_bloom_form_footer\"><p style=\"color: white;\">*En cliquant sur 's 'inscrire', vous acceptez la<a href=\"..\/clause-de-confidentialite\/\" target=\"_blank\">\u00a0d\u00e9claration de confidentialit\u00e9<\/a><\/p><\/div>\n\t\t\t\t<\/div>\n\t\t\t<\/div>\n\t\t\t<span class=\"et_bloom_close_button\"><\/span>\n\t\t\t\t<\/div>\n\t\t\t<\/div><\/div>\n<\/div>\n<\/div>\n<div class=\"et_dashboard_modal_footer\">\u00a0<\/div>\n<\/div>\n<\/div>\n<\/div>\n<div class=\"et_dashboard_modal_footer\">\u00a0<\/div>\n<p>[\/et_pb_text][\/et_pb_column][\/et_pb_row][\/et_pb_section]<\/p>\n<span class=\"et_bloom_bottom_trigger\"><\/span>","protected":false},"excerpt":{"rendered":"<p><div class=\"et_pb_module dipi_floating_multi_images dipi_floating_multi_images_0\">\n\t\t\t\t\n\t\t\t\t\n\t\t\t\t\n\t\t\t\t\n\t\t\t\t\n\t\t\t\t\n\t\t\t\t<div class=\"et_pb_module_inner\">\n\t\t\t\t\t<div class=\"dipi-floating-multi-images\">  <\/div>\n\t\t\t\t<\/div>\n\t\t\t<\/div><div class=\"et_pb_module dipi_floating_multi_images_child dipi_floating_multi_images_child_0\">\n\t\t\t\t\n\t\t\t\t\n\t\t\t\t\n\t\t\t\t\n\t\t\t\t\n\t\t\t\t\n\t\t\t\t<div class=\"et_pb_module_inner\">\n\t\t\t\t\t\n                <div class=\"dipi-fi-img\"><img decoding=\"async\" src=\"https:\/\/www.bornedries.be\/wp-content\/uploads\/2024\/02\/White-Party-at-Parenclub-Swingersclub-Bornedries.jpg\" alt=\"\"\/><\/img><\/div>\n            \n\t\t\t\t<\/div>\n\t\t\t<\/div><div class=\"et_pb_module dipi_floating_multi_images_child dipi_floating_multi_images_child_1\">\n\t\t\t\t\n\t\t\t\t\n\t\t\t\t\n\t\t\t\t\n\t\t\t\t\n\t\t\t\t\n\t\t\t\t<div class=\"et_pb_module_inner\">\n\t\t\t\t\t\n                <div class=\"dipi-fi-img\"><img decoding=\"async\" src=\"&#8221;https:\/\/www.bornedries.be\/wp-content\/uploads\/2024\/02\/Entre-Amies-Sundayz-at-Parenclub-Swingersclub-Bornedries.jpg&#8221;\" alt=\"\"\/><\/img><\/div>\n            \n\t\t\t\t<\/div>\n\t\t\t<\/div><\/p>","protected":false},"author":9,"featured_media":0,"parent":0,"menu_order":0,"comment_status":"closed","ping_status":"closed","template":"","meta":{"_et_pb_use_builder":"on","_et_pb_old_content":"","_et_gb_content_width":"","footnotes":""},"dipi_cpt_category":[],"class_list":["post-104135","page","type-page","status-publish","hentry"],"_links":{"self":[{"href":"https:\/\/www.bornedries.be\/fr\/wp-json\/wp\/v2\/pages\/104135","targetHints":{"allow":["GET"]}}],"collection":[{"href":"https:\/\/www.bornedries.be\/fr\/wp-json\/wp\/v2\/pages"}],"about":[{"href":"https:\/\/www.bornedries.be\/fr\/wp-json\/wp\/v2\/types\/page"}],"author":[{"embeddable":true,"href":"https:\/\/www.bornedries.be\/fr\/wp-json\/wp\/v2\/users\/9"}],"replies":[{"embeddable":true,"href":"https:\/\/www.bornedries.be\/fr\/wp-json\/wp\/v2\/comments?post=104135"}],"version-history":[{"count":0,"href":"https:\/\/www.bornedries.be\/fr\/wp-json\/wp\/v2\/pages\/104135\/revisions"}],"wp:attachment":[{"href":"https:\/\/www.bornedries.be\/fr\/wp-json\/wp\/v2\/media?parent=104135"}],"wp:term":[{"taxonomy":"dipi_cpt_category","embeddable":true,"href":"https:\/\/www.bornedries.be\/fr\/wp-json\/wp\/v2\/dipi_cpt_category?post=104135"}],"curies":[{"name":"wp","href":"https:\/\/api.w.org\/{rel}","templated":true}]}}